{"id":19752,"date":"2014-04-01T15:10:41","date_gmt":"2014-04-01T14:10:41","guid":{"rendered":"https:\/\/dev.saint-laurentavelo.com\/accueil\/"},"modified":"2025-02-07T14:16:43","modified_gmt":"2025-02-07T13:16:43","slug":"accueil","status":"publish","type":"page","link":"https:\/\/dev.saint-laurentavelo.com\/en\/","title":{"rendered":"Home"},"content":{"rendered":"<p>[et_pb_section fb_built=&#8221;1&#8243; admin_label=&#8221;Header&#8221; _builder_version=&#8221;4.27.4&#8243; _module_preset=&#8221;default&#8221; use_background_color_gradient=&#8221;on&#8221; background_color_gradient_stops=&#8221;rgba(0,0,0,0.6) 31%|rgba(0,0,0,0.1) 100%&#8221; background_color_gradient_overlays_image=&#8221;on&#8221; background_image=&#8221;https:\/\/dev.saint-laurentavelo.com\/wp-content\/uploads\/2025\/01\/Saint-Laurent-a-Velo-Accueil.png&#8221; background_position=&#8221;bottom_center&#8221; custom_margin=&#8221;||||false|false&#8221; custom_padding=&#8221;10vw||10vw|50px|true|false&#8221; collapsed=&#8221;off&#8221; global_colors_info=&#8221;{}&#8221;][et_pb_row _builder_version=&#8221;4.24.2&#8243; _module_preset=&#8221;default&#8221; module_alignment=&#8221;left&#8221; global_colors_info=&#8221;{}&#8221;][et_pb_column type=&#8221;4_4&#8243; _builder_version=&#8221;4.20.0&#8243; _module_preset=&#8221;default&#8221; global_colors_info=&#8221;{}&#8221;][et_pb_text _builder_version=&#8221;4.27.4&#8243; _module_preset=&#8221;5333c5f9-ce26-48ab-9d8d-b85dccd8fce1&#8243; text_font=&#8221;Lora||||||||&#8221; header_font=&#8221;&#8211;et_global_heading_font|&#8211;et_global_body_font_weight|||||||&#8221; header_text_color=&#8221;#FFFFFF&#8221; header_font_size=&#8221;55px&#8221; header_2_font=&#8221;&#8211;et_global_heading_font|300|||||||&#8221; header_2_text_color=&#8221;#FFFFFF&#8221; header_2_font_size=&#8221;25px&#8221; max_width=&#8221;650px&#8221; custom_margin=&#8221;||||false|false&#8221; custom_padding=&#8221;||0px||false|false&#8221; locked=&#8221;off&#8221; global_colors_info=&#8221;{}&#8221;]<\/p>\n<h1>The St. Lawrence by bike<\/h1>\n<h2>A stunning 1350 km cycling route that connects Toronto (Ontario) to Matane (Qu\u00e9bec) following the shores of Lake Ontario and the St. Lawrence River.<\/h2>\n<p>[\/et_pb_text][et_pb_button button_url=&#8221;#ensavoirplus&#8221; button_text=&#8221;D\u00e9couvrez le Saint-Laurent \u00e0 V\u00e9lo&#8221; button_alignment=&#8221;left&#8221; _builder_version=&#8221;4.27.4&#8243; _module_preset=&#8221;962350b3-497d-4269-9839-a35417631080&#8243; button_text_size=&#8221;16px&#8221; button_text_color=&#8221;#ffffff&#8221; button_bg_color=&#8221;#26AFBD&#8221; button_border_color=&#8221;RGBA(255,255,255,0)&#8221; button_border_radius=&#8221;0px&#8221; button_letter_spacing=&#8221;2px&#8221; button_font=&#8221;&#8211;et_global_heading_font|||on|||||&#8221; button_icon=&#8221;&#x24;||divi||400&#8243; button_icon_color=&#8221;#E3E2DE&#8221; custom_margin=&#8221;||||false|false&#8221; custom_padding=&#8221;15px||15px||true|false&#8221; locked=&#8221;off&#8221; global_colors_info=&#8221;{}&#8221; custom_margin__sticky=&#8221;0px||||false|false&#8221; custom_margin__sticky_enabled=&#8221;on|sticky&#8221;][\/et_pb_button][\/et_pb_column][\/et_pb_row][\/et_pb_section][et_pb_section fb_built=&#8221;1&#8243; admin_label=&#8221;Quote&#8221; _builder_version=&#8221;4.27.4&#8243; _module_preset=&#8221;default&#8221; custom_margin=&#8221;||||false|false&#8221; custom_padding=&#8221;||||false|false&#8221; collapsed=&#8221;off&#8221; global_colors_info=&#8221;{}&#8221;][et_pb_row module_id=&#8221;ensavoirplus&#8221; _builder_version=&#8221;4.27.4&#8243; _module_preset=&#8221;default&#8221; max_width=&#8221;2560px&#8221; custom_margin=&#8221;0px||||false|false&#8221; custom_padding=&#8221;0px||||false|false&#8221; global_colors_info=&#8221;{}&#8221;][et_pb_column type=&#8221;4_4&#8243; _builder_version=&#8221;4.20.0&#8243; _module_preset=&#8221;default&#8221; global_colors_info=&#8221;{}&#8221;][et_pb_code _builder_version=&#8221;4.27.4&#8243; _module_preset=&#8221;default&#8221; global_colors_info=&#8221;{}&#8221;]<iframe style=\"width: 1px; min-width: 100%; height: 550px; border: none;\" src=\"https:\/\/ridewithgps.com\/embeds?type=route&#038;id=45388202&#038;title=V%C3%A9loroute%20Le%20Saint-Laurent%20%C3%A0%20v%C3%A9lo&#038;showPhotos=true&#038;hideSurface=true\" scrolling=\"no\"><\/iframe>[\/et_pb_code][\/et_pb_column][\/et_pb_row][et_pb_row column_structure=&#8221;1_2,1_2&#8243; use_custom_gutter=&#8221;on&#8221; gutter_width=&#8221;2&#8243; make_equal=&#8221;on&#8221; _builder_version=&#8221;4.27.4&#8243; _module_preset=&#8221;default&#8221; max_width=&#8221;2560px&#8221; custom_padding=&#8221;0px||0px||true|false&#8221; locked=&#8221;off&#8221; global_colors_info=&#8221;{}&#8221;][et_pb_column type=&#8221;1_2&#8243; _builder_version=&#8221;4.27.4&#8243; _module_preset=&#8221;default&#8221; background_enable_color=&#8221;off&#8221; custom_padding=&#8221;||||false|false&#8221; custom_padding_tablet=&#8221;30px|30px|30px|30px|true|true&#8221; custom_padding_phone=&#8221;20px|20px|20px|20px|true|true&#8221; custom_padding_last_edited=&#8221;on|phone&#8221; global_colors_info=&#8221;{}&#8221;][et_pb_image src=&#8221;http:\/\/dev.saint-laurentavelo.com\/wp-content\/uploads\/2025\/02\/Voyage-en-velo-Quebec.png&#8221; title_text=&#8221;Bike trip &#8211; Quebec&#8221; _builder_version=&#8221;4.27.4&#8243; _module_preset=&#8221;default&#8221; global_colors_info=&#8221;{}&#8221;][\/et_pb_image][et_pb_blurb title=&#8221;The Saint-Laurent by bike: An adventure for all tastes and all levels&#8221; icon_alignment=&#8221;left&#8221; content_max_width=&#8221;100%&#8221; _builder_version=&#8221;4.27.4&#8243; _module_preset=&#8221;default&#8221; header_level=&#8221;h3&#8243; header_font=&#8221;&#8211;et_global_heading_font|500|||||||&#8221; header_text_color=&#8221;#3C3D41&#8243; header_font_size=&#8221;30px&#8221; header_line_height=&#8221;1.2em&#8221; body_line_height=&#8221;1.8em&#8221; body_ul_type=&#8221;square&#8221; body_ul_item_indent=&#8221;24px&#8221; body_link_font=&#8221;||||on|||#242424|&#8221; body_link_text_color=&#8221;#242424&#8243; animation=&#8221;off&#8221; header_font_size_tablet=&#8221;20px&#8221; header_font_size_phone=&#8221;18px&#8221; header_font_size_last_edited=&#8221;on|desktop&#8221; locked=&#8221;off&#8221; global_colors_info=&#8221;{}&#8221;]<\/p>\n<p>Are you interested in historic sites, charming villages, welcoming people, wide open spaces, beaches, microbreweries, pampering, local products, vineyards or exceptional panoramas? Whatever your motivations, the segments offered along the Le Saint-Laurent \u00e0 V\u00e9lo cycle route offer unforgettable experiences. <\/p>\n<p>The route follows two major cycling routes: the Great Lakes Waterfront Trail in Ontario and the Route Verte in Quebec. Both networks are well-marked and safe, and allow you to ride on bike paths, secondary roads or shared paths. You will easily find services and accommodations adapted to cyclists all along the route.  <\/p>\n<p>Whether you are a regular on two-wheeled trips or a curious beginner, whether you are looking for a sporting challenge or a leisurely ride, you will find what you are looking for! The Saint-Laurent by bike is accessible to all levels of cyclists. You can choose from a variety of self-guided circuits adapted to all levels and tastes. Choose a segment of the route below to learn more.   <\/p>\n<p>[\/et_pb_blurb][\/et_pb_column][et_pb_column type=&#8221;1_2&#8243; _builder_version=&#8221;4.27.4&#8243; _module_preset=&#8221;default&#8221; background_enable_color=&#8221;off&#8221; custom_padding=&#8221;30px|30px|30px|30px|true|true&#8221; border_color_all=&#8221;#dddddd&#8221; global_colors_info=&#8221;{}&#8221; background__hover_enabled=&#8221;off|hover&#8221;][et_pb_blurb title=&#8221;Suggested routes&#8221; icon_alignment=&#8221;left&#8221; content_max_width=&#8221;100%&#8221; _builder_version=&#8221;4.27.4&#8243; _module_preset=&#8221;default&#8221; header_level=&#8221;h3&#8243; header_font=&#8221;&#8211;et_global_heading_font|500|||||||&#8221; header_text_color=&#8221;#3C3D41&#8243; header_font_size=&#8221;30px&#8221; header_line_height=&#8221;1.2em&#8221; body_line_height=&#8221;1.8em&#8221; body_ul_type=&#8221;square&#8221; body_ul_item_indent=&#8221;24px&#8221; body_link_font=&#8221;||||on|||#242424|&#8221; body_link_text_color=&#8221;#242424&#8243; animation=&#8221;off&#8221; hover_enabled=&#8221;0&#8243; header_font_size_tablet=&#8221;20px&#8221; header_font_size_phone=&#8221;18px&#8221; header_font_size_last_edited=&#8221;on|desktop&#8221; locked=&#8221;off&#8221; global_colors_info=&#8221;{}&#8221; sticky_enabled=&#8221;0&#8243;]<\/p>\n<ul>\n<li><a href=\"https:\/\/www.dev.saint-laurentavelo.com\/en\/tour\/toronto-kingston-waterfont-trail\/\">Lake Ontario: From Toronto to Kingston<\/a><\/li>\n<li>Vineyards and the Islands: From Cobourg to Brockville<\/li>\n<li><a href=\"https:\/\/www.dev.saint-laurentavelo.com\/en\/tour\/les-canaux-de-morrisburg-a-montreal\/\">The Canals: From Morrisburg to Montreal<\/a><\/li>\n<li><a href=\"https:\/\/www.dev.saint-laurentavelo.com\/en\/tour\/montreal-quebec\/\">Montreal-Quebec via Mont\u00e9r\u00e9gie<\/a><\/li>\n<li><a href=\"https:\/\/www.dev.saint-laurentavelo.com\/en\/tour\/routes-des-navigateurs\/\" rel=\"noopener\" target=\"_blank\">Chaudi\u00e8re-Appalaches \u2013 Lower Saint-Laurent: Quebec to Rivi\u00e8re-du-Loup<\/a><\/li>\n<li>Bas-Saint-Laurent \u2013 \u200b\u200bGasp\u00e9sie: Rivi\u00e8re-du-Loup to Matane<\/li>\n<\/ul>\n<p>[\/et_pb_blurb][et_pb_image src=&#8221;http:\/\/dev.saint-laurentavelo.com\/wp-content\/uploads\/2025\/02\/Voyage-en-velo-Kingston-Ontario.png&#8221; title_text=&#8221;Bike Tour &#8211; Kingston Ontario&#8221; _builder_version=&#8221;4.27.4&#8243; _module_preset=&#8221;default&#8221; global_colors_info=&#8221;{}&#8221;][\/et_pb_image][et_pb_blurb title=&#8221;Let yourself be carried away by the adventure!&#8221; icon_alignment=&#8221;left&#8221; content_max_width=&#8221;100%&#8221; _builder_version=&#8221;4.27.4&#8243; _module_preset=&#8221;default&#8221; header_level=&#8221;h3&#8243; header_font=&#8221;&#8211;et_global_heading_font|500|||||||&#8221; header_text_color=&#8221;#3C3D41&#8243; header_font_size=&#8221;30px&#8221; header_line_height=&#8221;1.2em&#8221; body_line_height=&#8221;1.8em&#8221; body_ul_type=&#8221;square&#8221; body_ul_item_indent=&#8221;24px&#8221; body_link_font=&#8221;||||on|||#242424|&#8221; body_link_text_color=&#8221;#242424&#8243; animation=&#8221;off&#8221; header_font_size_tablet=&#8221;20px&#8221; header_font_size_phone=&#8221;18px&#8221; header_font_size_last_edited=&#8221;on|desktop&#8221; locked=&#8221;off&#8221; global_colors_info=&#8221;{}&#8221;]<\/p>\n<p>The route can be done in both directions, but it is generally easier to leave from Toronto towards Matane and take advantage of the favorable winds behind you!<\/p>\n<p>The Saint-Laurent by Bike cycle route has surprises and wonders in store for you at every stage. It\u2019s a unique and memorable experience that will allow you to experience Canada differently. Don\u2019t hesitate to embark on this adventure and discover the history of the Saint-Laurent River at your own pace!  <\/p>\n<p>[\/et_pb_blurb][\/et_pb_column][\/et_pb_row][\/et_pb_section][et_pb_section fb_built=&#8221;1&#8243; admin_label=&#8221;Services&#8221; _builder_version=&#8221;4.27.4&#8243; _module_preset=&#8221;default&#8221; background_color=&#8221;#3C3D41&#8243; custom_padding=&#8221;||||false|false&#8221; global_colors_info=&#8221;{}&#8221;][et_pb_row _builder_version=&#8221;4.27.4&#8243; _module_preset=&#8221;default&#8221; max_width=&#8221;2560px&#8221; module_alignment=&#8221;center&#8221; custom_padding=&#8221;||||false|false&#8221; locked=&#8221;off&#8221; global_colors_info=&#8221;{}&#8221;][et_pb_column type=&#8221;4_4&#8243; _builder_version=&#8221;4.27.4&#8243; _module_preset=&#8221;default&#8221; global_colors_info=&#8221;{}&#8221;][et_pb_text _builder_version=&#8221;4.27.4&#8243; _module_preset=&#8221;default&#8221; header_2_text_align=&#8221;left&#8221; header_2_text_color=&#8221;#FFFFFF&#8221; header_2_font_size=&#8221;50px&#8221; custom_margin=&#8221;||0px||false|false&#8221; custom_padding=&#8221;||0px||false|false&#8221; global_colors_info=&#8221;{}&#8221;]<\/p>\n<h2>Our services<\/h2>\n<p>[\/et_pb_text][et_pb_divider color=&#8221;#d6d6d6&#8243; _builder_version=&#8221;4.27.4&#8243; _module_preset=&#8221;default&#8221; global_colors_info=&#8221;{}&#8221;][\/et_pb_divider][\/et_pb_column][\/et_pb_row][et_pb_row column_structure=&#8221;1_3,1_3,1_3&#8243; use_custom_gutter=&#8221;on&#8221; gutter_width=&#8221;1&#8243; _builder_version=&#8221;4.27.4&#8243; _module_preset=&#8221;default&#8221; max_width=&#8221;2560px&#8221; module_alignment=&#8221;center&#8221; custom_padding=&#8221;0px||||false|false&#8221; locked=&#8221;off&#8221; global_colors_info=&#8221;{}&#8221;][et_pb_column type=&#8221;1_3&#8243; _builder_version=&#8221;4.27.4&#8243; _module_preset=&#8221;default&#8221; custom_padding=&#8221;30px|30px|30px||true|false&#8221; border_width_right=&#8221;1px&#8221; border_color_right=&#8221;#d6d6d6&#8243; global_colors_info=&#8221;{}&#8221;][et_pb_blurb title=&#8221;Luggage transport&#8221; use_icon=&#8221;on&#8221; font_icon=&#8221;&#xf0f2;||fa||900&#8243; icon_color=&#8221;#F27743&#8243; image_icon_width=&#8221;40px&#8221; icon_alignment=&#8221;left&#8221; content_max_width=&#8221;100%&#8221; _builder_version=&#8221;4.27.4&#8243; _module_preset=&#8221;default&#8221; header_level=&#8221;h3&#8243; header_font=&#8221;&#8211;et_global_heading_font||||||||&#8221; header_text_color=&#8221;#FFFFFF&#8221; header_font_size=&#8221;24px&#8221; header_line_height=&#8221;1.2em&#8221; body_font=&#8221;&#8211;et_global_heading_font|300|||||||&#8221; body_text_color=&#8221;#FFFFFF&#8221; body_font_size=&#8221;16px&#8221; min_height=&#8221;160px&#8221; animation=&#8221;off&#8221; header_font_size_tablet=&#8221;20px&#8221; header_font_size_phone=&#8221;18px&#8221; header_font_size_last_edited=&#8221;on|desktop&#8221; locked=&#8221;off&#8221; global_colors_info=&#8221;{}&#8221;]<\/p>\n<p>Entrust our team with the pleasure of taking care of the transport of your luggage in complete safety!<\/p>\n<p>[\/et_pb_blurb][et_pb_button button_url=&#8221;https:\/\/www.dev.saint-laurentavelo.com\/en\/services\/transport-de-bagages\/&#8221; button_text=&#8221;Learn more&#8221; _builder_version=&#8221;4.27.4&#8243; _module_preset=&#8221;default&#8221; custom_button=&#8221;on&#8221; button_text_size=&#8221;12px&#8221; button_text_color=&#8221;#132045&#8243; button_bg_color=&#8221;#E2DAD3&#8243; button_border_width=&#8221;0px&#8221; button_border_radius=&#8221;0px&#8221; button_letter_spacing=&#8221;3px&#8221; button_font=&#8221;|700||on|||||&#8221; custom_margin=&#8221;20px||||false|false&#8221; custom_padding=&#8221;10px|20px|10px|20px|true|true&#8221; locked=&#8221;off&#8221; global_colors_info=&#8221;{}&#8221;][\/et_pb_button][\/et_pb_column][et_pb_column type=&#8221;1_3&#8243; _builder_version=&#8221;4.27.4&#8243; _module_preset=&#8221;default&#8221; custom_padding=&#8221;30px||30px|30px|true|false&#8221; border_width_right=&#8221;1px&#8221; border_color_right=&#8221;#d6d6d6&#8243; global_colors_info=&#8221;{}&#8221;][et_pb_blurb title=&#8221;Bike rental&#8221; use_icon=&#8221;on&#8221; font_icon=&#8221;&#xf206;||fa||900&#8243; icon_color=&#8221;#F27743&#8243; image_icon_width=&#8221;40px&#8221; icon_alignment=&#8221;left&#8221; content_max_width=&#8221;100%&#8221; _builder_version=&#8221;4.27.4&#8243; _module_preset=&#8221;default&#8221; header_level=&#8221;h3&#8243; header_font=&#8221;&#8211;et_global_heading_font||||||||&#8221; header_text_color=&#8221;#FFFFFF&#8221; header_font_size=&#8221;24px&#8221; header_line_height=&#8221;1.2em&#8221; body_font=&#8221;&#8211;et_global_heading_font|300|||||||&#8221; body_text_color=&#8221;#FFFFFF&#8221; body_font_size=&#8221;16px&#8221; min_height=&#8221;160px&#8221; animation=&#8221;off&#8221; header_font_size_tablet=&#8221;20px&#8221; header_font_size_phone=&#8221;18px&#8221; header_font_size_last_edited=&#8221;on|desktop&#8221; locked=&#8221;off&#8221; global_colors_info=&#8221;{}&#8221;]Pick up your bike in the departure city and leave it at your final destination![\/et_pb_blurb][et_pb_button button_url=&#8221;https:\/\/www.dev.saint-laurentavelo.com\/en\/services\/location-de-velo\/&#8221; button_text=&#8221;Learn more&#8221; _builder_version=&#8221;4.27.4&#8243; _module_preset=&#8221;default&#8221; custom_button=&#8221;on&#8221; button_text_size=&#8221;12px&#8221; button_text_color=&#8221;#000000&#8243; button_bg_color=&#8221;#E2DAD3&#8243; button_border_width=&#8221;0px&#8221; button_border_radius=&#8221;0px&#8221; button_letter_spacing=&#8221;3px&#8221; button_font=&#8221;|700||on|||||&#8221; custom_margin=&#8221;20px||||false|false&#8221; custom_padding=&#8221;10px|20px|10px|20px|true|true&#8221; locked=&#8221;off&#8221; global_colors_info=&#8221;{}&#8221;][\/et_pb_button][\/et_pb_column][et_pb_column type=&#8221;1_3&#8243; _builder_version=&#8221;4.27.4&#8243; _module_preset=&#8221;default&#8221; custom_padding=&#8221;30px||30px|30px|true|false&#8221; border_color_left=&#8221;#d6d6d6&#8243; global_colors_info=&#8221;{}&#8221;][et_pb_blurb title=&#8221;Personalized itinerary&#8221; use_icon=&#8221;on&#8221; font_icon=&#8221;&#xf59f;||fa||900&#8243; icon_color=&#8221;#F27743&#8243; image_icon_width=&#8221;40px&#8221; icon_alignment=&#8221;left&#8221; content_max_width=&#8221;100%&#8221; _builder_version=&#8221;4.27.4&#8243; _module_preset=&#8221;default&#8221; header_level=&#8221;h3&#8243; header_font=&#8221;&#8211;et_global_heading_font||||||||&#8221; header_text_color=&#8221;#FFFFFF&#8221; header_font_size=&#8221;24px&#8221; header_line_height=&#8221;1.2em&#8221; body_font=&#8221;&#8211;et_global_heading_font|300|||||||&#8221; body_text_color=&#8221;#FFFFFF&#8221; body_font_size=&#8221;16px&#8221; min_height=&#8221;160px&#8221; animation=&#8221;off&#8221; header_font_size_tablet=&#8221;20px&#8221; header_font_size_phone=&#8221;18px&#8221; header_font_size_last_edited=&#8221;on|desktop&#8221; locked=&#8221;off&#8221; global_colors_info=&#8221;{}&#8221;]<\/p>\n<p>Our team offers you personalized itineraries.<\/p>\n<p>[\/et_pb_blurb][et_pb_button button_url=&#8221;https:\/\/forms.zohopublic.com\/business2127\/form\/ItinrairepersonnalisJedsiredeplusamplesinformation\/formperma\/9CTdZtzGKsv5l20UMJxCfAMiw2qR97LFi30uG-cFznY&#8221; url_new_window=&#8221;on&#8221; button_text=&#8221;Learn more&#8221; _builder_version=&#8221;4.27.4&#8243; _module_preset=&#8221;default&#8221; custom_button=&#8221;on&#8221; button_text_size=&#8221;12px&#8221; button_text_color=&#8221;#000000&#8243; button_bg_color=&#8221;#E2DAD3&#8243; button_border_width=&#8221;0px&#8221; button_border_radius=&#8221;0px&#8221; button_letter_spacing=&#8221;3px&#8221; button_font=&#8221;|700||on|||||&#8221; custom_margin=&#8221;20px||||false|false&#8221; custom_padding=&#8221;10px|20px|10px|20px|true|true&#8221; locked=&#8221;off&#8221; global_colors_info=&#8221;{}&#8221;][\/et_pb_button][\/et_pb_column][\/et_pb_row][et_pb_row column_structure=&#8221;1_2,1_2&#8243; _builder_version=&#8221;4.27.4&#8243; _module_preset=&#8221;default&#8221; module_alignment=&#8221;center&#8221; custom_padding=&#8221;0px||||false|false&#8221; locked=&#8221;off&#8221; global_colors_info=&#8221;{}&#8221;][et_pb_column type=&#8221;1_2&#8243; _builder_version=&#8221;4.24.2&#8243; _module_preset=&#8221;default&#8221; custom_padding=&#8221;30px|30px|30px||true|false&#8221; border_width_right=&#8221;1px&#8221; border_color_right=&#8221;#d6d6d6&#8243; global_colors_info=&#8221;{}&#8221;][et_pb_blurb title=&#8221;Shuttle&#8221; use_icon=&#8221;on&#8221; font_icon=&#8221;&#xf5b6;||fa||900&#8243; icon_color=&#8221;#F27743&#8243; image_icon_width=&#8221;40px&#8221; icon_alignment=&#8221;left&#8221; content_max_width=&#8221;100%&#8221; _builder_version=&#8221;4.27.4&#8243; _module_preset=&#8221;default&#8221; header_level=&#8221;h3&#8243; header_font=&#8221;&#8211;et_global_heading_font||||||||&#8221; header_text_color=&#8221;#FFFFFF&#8221; header_font_size=&#8221;24px&#8221; header_line_height=&#8221;1.2em&#8221; body_font=&#8221;&#8211;et_global_heading_font|300|||||||&#8221; body_text_color=&#8221;#FFFFFF&#8221; body_font_size=&#8221;16px&#8221; min_height=&#8221;160px&#8221; animation=&#8221;off&#8221; header_font_size_tablet=&#8221;20px&#8221; header_font_size_phone=&#8221;18px&#8221; header_font_size_last_edited=&#8221;on|desktop&#8221; locked=&#8221;off&#8221; global_colors_info=&#8221;{}&#8221;]<\/p>\n<p>This service allows you to reach or return to your starting point.<\/p>\n<p>[\/et_pb_blurb][et_pb_button button_url=&#8221;https:\/\/www.dev.saint-laurentavelo.com\/en\/services\/navettes\/&#8221; button_text=&#8221;Learn more&#8221; _builder_version=&#8221;4.27.4&#8243; _module_preset=&#8221;default&#8221; custom_button=&#8221;on&#8221; button_text_size=&#8221;12px&#8221; button_text_color=&#8221;#000000&#8243; button_bg_color=&#8221;#E2DAD3&#8243; button_border_width=&#8221;0px&#8221; button_border_radius=&#8221;0px&#8221; button_letter_spacing=&#8221;3px&#8221; button_font=&#8221;|700||on|||||&#8221; custom_margin=&#8221;20px||||false|false&#8221; custom_padding=&#8221;10px|20px|10px|20px|true|true&#8221; locked=&#8221;off&#8221; global_colors_info=&#8221;{}&#8221;][\/et_pb_button][\/et_pb_column][et_pb_column type=&#8221;1_2&#8243; _builder_version=&#8221;4.27.4&#8243; _module_preset=&#8221;default&#8221; custom_padding=&#8221;30px|30px|30px||true|false&#8221; border_color_right=&#8221;#d6d6d6&#8243; global_colors_info=&#8221;{}&#8221;][et_pb_blurb title=&#8221;Convoys&#8221; use_icon=&#8221;on&#8221; font_icon=&#8221;&#xf5e4;||fa||900&#8243; icon_color=&#8221;#F27743&#8243; image_icon_width=&#8221;40px&#8221; icon_alignment=&#8221;left&#8221; content_max_width=&#8221;100%&#8221; _builder_version=&#8221;4.27.4&#8243; _module_preset=&#8221;default&#8221; header_level=&#8221;h3&#8243; header_font=&#8221;&#8211;et_global_heading_font||||||||&#8221; header_text_color=&#8221;#FFFFFF&#8221; header_font_size=&#8221;24px&#8221; header_line_height=&#8221;1.2em&#8221; body_font=&#8221;&#8211;et_global_heading_font|300|||||||&#8221; body_text_color=&#8221;#FFFFFF&#8221; body_font_size=&#8221;16px&#8221; min_height=&#8221;160px&#8221; animation=&#8221;off&#8221; header_font_size_tablet=&#8221;20px&#8221; header_font_size_phone=&#8221;18px&#8221; header_font_size_last_edited=&#8221;on|desktop&#8221; locked=&#8221;off&#8221; global_colors_info=&#8221;{}&#8221;]<\/p>\n<p>With this service, find your vehicle at your final destination.<\/p>\n<p>[\/et_pb_blurb][et_pb_button button_url=&#8221;https:\/\/www.dev.saint-laurentavelo.com\/en\/services\/convoyages\/&#8221; button_text=&#8221;Learn more&#8221; _builder_version=&#8221;4.27.4&#8243; _module_preset=&#8221;default&#8221; custom_button=&#8221;on&#8221; button_text_size=&#8221;12px&#8221; button_text_color=&#8221;#000000&#8243; button_bg_color=&#8221;#E2DAD3&#8243; button_border_width=&#8221;0px&#8221; button_border_radius=&#8221;0px&#8221; button_letter_spacing=&#8221;3px&#8221; button_font=&#8221;|700||on|||||&#8221; custom_margin=&#8221;20px||||false|false&#8221; custom_padding=&#8221;10px|20px|10px|20px|true|true&#8221; locked=&#8221;off&#8221; global_colors_info=&#8221;{}&#8221;][\/et_pb_button][\/et_pb_column][\/et_pb_row][\/et_pb_section]<\/p>\n","protected":false},"excerpt":{"rendered":"<p>The St. Lawrence by bike A stunning 1350 km cycling route that connects Toronto (Ontario) to Matane (Qu\u00e9bec) following the shores of Lake Ontario and the St. Lawrence River.Are you interested in historic sites, charming villages, welcoming people, wide open spaces, beaches, microbreweries, pampering, local products, vineyards or exceptional panoramas? Whatever your motivations, the segments [&hellip;]<\/p>\n","protected":false},"author":82,"featured_media":0,"parent":0,"menu_order":0,"comment_status":"open","ping_status":"open","template":"","meta":{"_et_pb_use_builder":"on","_et_pb_old_content":"","_et_gb_content_width":"","footnotes":""},"difl_page_category":[],"class_list":["post-19752","page","type-page","status-publish","hentry"],"_links":{"self":[{"href":"https:\/\/dev.saint-laurentavelo.com\/en\/wp-json\/wp\/v2\/pages\/19752","targetHints":{"allow":["GET"]}}],"collection":[{"href":"https:\/\/dev.saint-laurentavelo.com\/en\/wp-json\/wp\/v2\/pages"}],"about":[{"href":"https:\/\/dev.saint-laurentavelo.com\/en\/wp-json\/wp\/v2\/types\/page"}],"author":[{"embeddable":true,"href":"https:\/\/dev.saint-laurentavelo.com\/en\/wp-json\/wp\/v2\/users\/82"}],"replies":[{"embeddable":true,"href":"https:\/\/dev.saint-laurentavelo.com\/en\/wp-json\/wp\/v2\/comments?post=19752"}],"version-history":[{"count":13,"href":"https:\/\/dev.saint-laurentavelo.com\/en\/wp-json\/wp\/v2\/pages\/19752\/revisions"}],"predecessor-version":[{"id":19842,"href":"https:\/\/dev.saint-laurentavelo.com\/en\/wp-json\/wp\/v2\/pages\/19752\/revisions\/19842"}],"wp:attachment":[{"href":"https:\/\/dev.saint-laurentavelo.com\/en\/wp-json\/wp\/v2\/media?parent=19752"}],"wp:term":[{"taxonomy":"difl_page_category","embeddable":true,"href":"https:\/\/dev.saint-laurentavelo.com\/en\/wp-json\/wp\/v2\/difl_page_category?post=19752"}],"curies":[{"name":"wp","href":"https:\/\/api.w.org\/{rel}","templated":true}]}}