{"id":19749,"date":"2025-02-06T21:44:00","date_gmt":"2025-02-06T20:44:00","guid":{"rendered":"https:\/\/dev.saint-laurentavelo.com\/location-de-velo\/"},"modified":"2025-02-06T21:55:18","modified_gmt":"2025-02-06T20:55:18","slug":"location-de-velo","status":"publish","type":"page","link":"https:\/\/dev.saint-laurentavelo.com\/en\/services\/location-de-velo\/","title":{"rendered":"Location de v\u00e9lo"},"content":{"rendered":"<p>[et_pb_section fb_built=&#8221;1&#8243; admin_label=&#8221;section&#8221; _builder_version=&#8221;4.27.4&#8243; background_color=&#8221;#d6d6d6&#8243; global_colors_info=&#8221;{}&#8221;][et_pb_row column_structure=&#8221;2_3,1_3&#8243; use_custom_gutter=&#8221;on&#8221; gutter_width=&#8221;2&#8243; make_equal=&#8221;on&#8221; admin_label=&#8221;row&#8221; _builder_version=&#8221;4.27.4&#8243; background_size=&#8221;initial&#8221; background_position=&#8221;top_left&#8221; background_repeat=&#8221;repeat&#8221; max_width=&#8221;2560px&#8221; global_colors_info=&#8221;{}&#8221;][et_pb_column type=&#8221;2_3&#8243; _builder_version=&#8221;4.27.4&#8243; background_color=&#8221;#FFFFFF&#8221; custom_padding=&#8221;20px|20px|20px|20px|true|true&#8221; global_colors_info=&#8221;{}&#8221; custom_padding__hover=&#8221;|||&#8221;][et_pb_image src=&#8221;http:\/\/dev.saint-laurentavelo.com\/wp-content\/uploads\/2022\/02\/Image-pour-location-de-v\u00e9lo.jpg&#8221; title_text=&#8221;Couple,Smiling,With,Their,Bike,On,The,Wood&#8221; force_fullwidth=&#8221;on&#8221; _builder_version=&#8221;4.27.4&#8243; _module_preset=&#8221;default&#8221; global_colors_info=&#8221;{}&#8221;][\/et_pb_image][et_pb_text ul_type=&#8221;square&#8221; admin_label=&#8221;Text&#8221; _builder_version=&#8221;4.27.4&#8243; link_text_color=&#8221;#F27743&#8243; header_3_text_color=&#8221;#26AFBD&#8221; background_size=&#8221;initial&#8221; background_position=&#8221;top_left&#8221; background_repeat=&#8221;repeat&#8221; global_colors_info=&#8221;{}&#8221;]<\/p>\n<h3>Location de v\u00e9lo<\/h3>\n<p><strong>Ce service est disponible pour les clients b\u00e9n\u00e9ficiant de notre service de transport de bagages (4 jours minimum).<\/strong> Besoin d&#8217;un v\u00e9lo pour quelques jours? Pour une semaine et plus ? Par l&#8217;entreprise de nos partenaire locateur de v\u00e9lo, Nous offrons une grande gamme de v\u00e9los: v\u00e9los de routes, hybrides et \u00e9lectriques.<\/p>\n<p>Nous livrons les v\u00e9los \u00e0 votre lieu de d\u00e9part et les r\u00e9cup\u00e9rons \u00e0 votre lieu d\u2019arriv\u00e9e.<\/p>\n<p><strong>Parcours cyclables et r\u00e9gions touristiques b\u00e9n\u00e9ficiant de ce services :<\/strong><\/p>\n<ul>\n<li><a href=\"http:\/\/www.saint-laurentavelo.com\/destinations\/le-saint-laurent-a-velo\/\">Le Saint-Laurent \u00e0 v\u00e9lo de Toronto \u00e0 Matane<\/a><\/li>\n<li><a href=\"http:\/\/www.saint-laurentavelo.com\/destinations\/veloroute-gourmande\/\">V\u00e9loroute gourmande de Montr\u00e9al \u00e0 Sherbrooke<\/a><\/li>\n<li><a href=\"http:\/\/www.saint-laurentavelo.com\/destinations\/monteregie\/\">R\u00e9gion touristique Mont\u00e9r\u00e9gie<\/a><\/li>\n<li><a href=\"http:\/\/www.saint-laurentavelo.com\/destinations\/centre-du-quebec\/\">R\u00e9gion touristique Centre-du-Qu\u00e9bec<\/a><\/li>\n<\/ul>\n<h3>Tarification:<\/h3>\n<p>Prix valable pour un d\u00e9part de Montr\u00e9al. Pour les autres villes de d\u00e9part, veuillez nous contacter pour obtenir le tarif correspondant.<\/p>\n<p><strong>En louant un v\u00e9lo<\/strong>, vous b\u00e9n\u00e9ficiez de la livraison \u00e0 votre h\u00f4tel, d&#8217;une s\u00e9ance d&#8217;initiation et de r\u00e9glage du v\u00e9lo, d&#8217;une paire de sacoches (25 L au total), d&#8217;un porte-bagages, d&#8217;un kit de r\u00e9paration, d&#8217;une mini-pompe, d&#8217;un cadenas et d&#8217;un casque si vous n&#8217;en avez pas.<\/p>\n<table border=\"0\" cellspacing=\"0\" cellpadding=\"0\">\n<tbody>\n<tr>\n<th>Mod\u00e8le \/ V\u00e9lo<\/th>\n<th>4 jours<\/th>\n<th>5 jours<\/th>\n<th>6 jours<\/th>\n<th>7 jours<\/th>\n<th>J. suppl.<\/th>\n<th>14 jours<\/th>\n<\/tr>\n<tr>\n<th class=\"center\">V\u00e9lo hybride confort<br \/><a href=\"http:\/\/www.saint-laurentavelo.com\/wp-content\/uploads\/2014\/04\/STOCKHOLM-V\u00e9lo-de-location-Saint-Laurent-\u00e0-v\u00e9lo.jpg\"><img loading=\"lazy\" decoding=\"async\" width=\"300\" height=\"183\" src=\"http:\/\/www.saint-laurentavelo.com\/wp-content\/uploads\/2014\/04\/STOCKHOLM-V\u00e9lo-de-location-Saint-Laurent-\u00e0-v\u00e9lo-300x183.jpg\" alt=\"STOCKHOLM - V\u00e9lo de location - Saint-Laurent \u00e0 v\u00e9lo\" class=\"aligncenter size-medium wp-image-6619\" srcset=\"https:\/\/dev.saint-laurentavelo.com\/wp-content\/uploads\/2014\/04\/STOCKHOLM-V\u00e9lo-de-location-Saint-Laurent-\u00e0-v\u00e9lo-300x183.jpg 300w, https:\/\/dev.saint-laurentavelo.com\/wp-content\/uploads\/2014\/04\/STOCKHOLM-V\u00e9lo-de-location-Saint-Laurent-\u00e0-v\u00e9lo-200x122.jpg 200w, https:\/\/dev.saint-laurentavelo.com\/wp-content\/uploads\/2014\/04\/STOCKHOLM-V\u00e9lo-de-location-Saint-Laurent-\u00e0-v\u00e9lo-500x305.jpg 500w, https:\/\/dev.saint-laurentavelo.com\/wp-content\/uploads\/2014\/04\/STOCKHOLM-V\u00e9lo-de-location-Saint-Laurent-\u00e0-v\u00e9lo.jpg 800w\" sizes=\"(max-width: 300px) 100vw, 300px\" \/><\/a><br \/>27 vitesses<\/th>\n<td class=\"center\">195 $<\/td>\n<td class=\"center\">225 $<\/td>\n<td class=\"center\">255 $<\/td>\n<td class=\"center\">280 $<\/td>\n<td class=\"center\">25 $<\/td>\n<td class=\"center\">455 $<\/td>\n<\/tr>\n<tr>\n<th class=\"center\">V\u00e9lo \u00e9lectrique<br \/><img loading=\"lazy\" decoding=\"async\" width=\"300\" height=\"173\" src=\"http:\/\/www.saint-laurentavelo.com\/wp-content\/uploads\/2022\/03\/Velec_Citi500-300x173.jpg\" alt=\"\" class=\"aligncenter size-medium wp-image-15659\" srcset=\"https:\/\/dev.saint-laurentavelo.com\/wp-content\/uploads\/2022\/03\/Velec_Citi500-300x173.jpg 300w, https:\/\/dev.saint-laurentavelo.com\/wp-content\/uploads\/2022\/03\/Velec_Citi500-768x443.jpg 768w, https:\/\/dev.saint-laurentavelo.com\/wp-content\/uploads\/2022\/03\/Velec_Citi500-200x115.jpg 200w, https:\/\/dev.saint-laurentavelo.com\/wp-content\/uploads\/2022\/03\/Velec_Citi500-500x288.jpg 500w, https:\/\/dev.saint-laurentavelo.com\/wp-content\/uploads\/2022\/03\/Velec_Citi500.jpg 800w\" sizes=\"(max-width: 300px) 100vw, 300px\" \/><br \/>entre 60 et 120 km en fonction<br \/>du mode d&#8217;assistance<\/th>\n<td class=\"center\">275 $<\/td>\n<td class=\"center\">310 $<\/td>\n<td class=\"center\">345 $<\/td>\n<td class=\"center\">375 $<\/td>\n<td class=\"center\">35 $<\/td>\n<td class=\"center\">620 $<\/td>\n<\/tr>\n<\/tbody>\n<\/table>\n<h4><\/h4>\n<p>D\u00e9p\u00f4t de s\u00e9curit\u00e9 requis. Pi\u00e8ces d&#8217;identit\u00e9s requises pour la location. Si applicable, frais de d\u00e9placement en sus<\/p>\n<p>[\/et_pb_text][\/et_pb_column][et_pb_column type=&#8221;1_3&#8243; _builder_version=&#8221;4.27.4&#8243; background_color=&#8221;#3C3D41&#8243; custom_padding=&#8221;20px|20px|20px|20px|true|true&#8221; global_colors_info=&#8221;{}&#8221; custom_padding__hover=&#8221;|||&#8221;][et_pb_sidebar _builder_version=&#8221;4.27.4&#8243; _module_preset=&#8221;default&#8221; header_text_color=&#8221;#F27743&#8243; header_font_size=&#8221;22px&#8221; body_text_color=&#8221;#FFFFFF&#8221; global_colors_info=&#8221;{}&#8221;][\/et_pb_sidebar][\/et_pb_column][\/et_pb_row][\/et_pb_section]<\/p>\n","protected":false},"excerpt":{"rendered":"<p>Location de v\u00e9lo Ce service est disponible pour les clients b\u00e9n\u00e9ficiant de notre service de transport de bagages (4 jours minimum). Besoin d&#8217;un v\u00e9lo pour quelques jours? Pour une semaine et plus ? Par l&#8217;entreprise de nos partenaire locateur de v\u00e9lo, Nous offrons une grande gamme de v\u00e9los: v\u00e9los de routes, hybrides et \u00e9lectriques. Nous [&hellip;]<\/p>\n","protected":false},"author":95,"featured_media":0,"parent":19797,"menu_order":0,"comment_status":"closed","ping_status":"closed","template":"","meta":{"_et_pb_use_builder":"on","_et_pb_old_content":"","_et_gb_content_width":"","footnotes":""},"difl_page_category":[],"class_list":["post-19749","page","type-page","status-publish","hentry"],"_links":{"self":[{"href":"https:\/\/dev.saint-laurentavelo.com\/en\/wp-json\/wp\/v2\/pages\/19749","targetHints":{"allow":["GET"]}}],"collection":[{"href":"https:\/\/dev.saint-laurentavelo.com\/en\/wp-json\/wp\/v2\/pages"}],"about":[{"href":"https:\/\/dev.saint-laurentavelo.com\/en\/wp-json\/wp\/v2\/types\/page"}],"author":[{"embeddable":true,"href":"https:\/\/dev.saint-laurentavelo.com\/en\/wp-json\/wp\/v2\/users\/95"}],"replies":[{"embeddable":true,"href":"https:\/\/dev.saint-laurentavelo.com\/en\/wp-json\/wp\/v2\/comments?post=19749"}],"version-history":[{"count":2,"href":"https:\/\/dev.saint-laurentavelo.com\/en\/wp-json\/wp\/v2\/pages\/19749\/revisions"}],"predecessor-version":[{"id":19756,"href":"https:\/\/dev.saint-laurentavelo.com\/en\/wp-json\/wp\/v2\/pages\/19749\/revisions\/19756"}],"up":[{"embeddable":true,"href":"https:\/\/dev.saint-laurentavelo.com\/en\/wp-json\/wp\/v2\/pages\/19797"}],"wp:attachment":[{"href":"https:\/\/dev.saint-laurentavelo.com\/en\/wp-json\/wp\/v2\/media?parent=19749"}],"wp:term":[{"taxonomy":"difl_page_category","embeddable":true,"href":"https:\/\/dev.saint-laurentavelo.com\/en\/wp-json\/wp\/v2\/difl_page_category?post=19749"}],"curies":[{"name":"wp","href":"https:\/\/api.w.org\/{rel}","templated":true}]}}